{"id":17,"date":"2019-08-08T11:24:28","date_gmt":"2019-08-08T11:24:28","guid":{"rendered":"https:\/\/ra-energy.pl\/?page_id=17"},"modified":"2023-12-05T15:34:02","modified_gmt":"2023-12-05T15:34:02","slug":"panele-fotowoltaiczne","status":"publish","type":"page","link":"https:\/\/ra-energy.pl\/?page_id=17","title":{"rendered":"panele"},"content":{"rendered":"<div id=\"pl-gb17-6a01be297562c\"  class=\"panel-layout\" ><div id=\"pg-gb17-6a01be297562c-0\"  class=\"panel-grid panel-no-style\"  data-style=\"{&quot;full_height&quot;:&quot;&quot;,&quot;cell_alignment&quot;:&quot;flex-start&quot;}\" ><div id=\"pgc-gb17-6a01be297562c-0-0\"  class=\"panel-grid-cell\"  data-weight=\"0.5\" ><div id=\"panel-gb17-6a01be297562c-0-0-0\" class=\"so-panel widget widget_sow-editor panel-first-child panel-last-child\" data-index=\"0\" data-style=\"{&quot;background_image_attachment&quot;:false,&quot;background_display&quot;:&quot;tile&quot;,&quot;background_image_size&quot;:&quot;full&quot;,&quot;background_image_opacity&quot;:&quot;100&quot;,&quot;border_thickness&quot;:&quot;1px&quot;}\" ><div\n\t\t\t\n\t\t\tclass=\"so-widget-sow-editor so-widget-sow-editor-base\"\n\t\t\t\n\t\t>\n<div class=\"siteorigin-widget-tinymce textwidget\">\n\t<p>Ra-Energy fotowoltaika oferuje kompleksowe rozwi\u0105zania system\u00f3w solarnych, pocz\u0105wszy od projektu przez wycen\u0119 a\u017c do kompletnej realizacji monta\u017cu instalacji. Inwestycja we w\u0142asn\u0105 produkcj\u0119 pr\u0105du, poprzez instalacj\u0119 fotowoltaiczn\u0105 mo\u017ce zwr\u00f3ci\u0107 si\u0119 ju\u017c po kilku latach. Sp\u00f3jrz w przysz\u0142o\u015b\u0107, postaw na energi\u0119 s\u0142oneczn\u0105 i znacz\u0105co przyczy\u0144 si\u0119 do poprawy kondycji naszej planety.<\/p>\n<p>W ofercie posiadamy panele fotowoltaiczne najwy\u017cszej jako\u015bci od \u015bwiatowych producent\u00f3w.<\/p>\n<\/div>\n<\/div><\/div><\/div><div id=\"pgc-gb17-6a01be297562c-0-1\"  class=\"panel-grid-cell\"  data-weight=\"0.5\" ><div id=\"panel-gb17-6a01be297562c-0-1-0\" class=\"so-panel widget widget_sow-image panel-first-child panel-last-child\" data-index=\"1\" data-style=\"{&quot;background_image_attachment&quot;:false,&quot;background_display&quot;:&quot;tile&quot;,&quot;background_image_size&quot;:&quot;full&quot;,&quot;background_image_opacity&quot;:&quot;100&quot;,&quot;border_thickness&quot;:&quot;1px&quot;}\" ><div\n\t\t\t\n\t\t\tclass=\"so-widget-sow-image so-widget-sow-image-default-8b5b6f678277-17\"\n\t\t\t\n\t\t>\n\n<div class=\"sow-image-container\">\n\t\t<img decoding=\"async\" src=\"https:\/\/ra-energy.pl\/wp-content\/uploads\/2019\/08\/4037-960x480.jpg\" width=\"960\" height=\"480\" sizes=\"(max-width: 960px) 100vw, 960px\" title=\"Man installing alternative energy photovoltaic solar panels on roof\" alt=\"Ra-Energy - fotowoltaika - pompy ciep\u0142a\" \t\tclass=\"so-widget-image\"\/>\n\t<\/div>\n\n<\/div><\/div><\/div><\/div><div id=\"pg-gb17-6a01be297562c-1\"  class=\"panel-grid panel-has-style\"  data-style=\"{&quot;background&quot;:&quot;#eaeaea&quot;,&quot;full_height&quot;:&quot;&quot;,&quot;row_stretch&quot;:&quot;full&quot;,&quot;cell_alignment&quot;:&quot;flex-start&quot;}\" ><div class=\"siteorigin-panels-stretch panel-row-style panel-row-style-for-gb17-6a01be297562c-1\" data-stretch-type=\"full\" ><div id=\"pgc-gb17-6a01be297562c-1-0\"  class=\"panel-grid-cell\"  data-weight=\"0.5\" ><div id=\"panel-gb17-6a01be297562c-1-0-0\" class=\"so-panel widget widget_sow-editor panel-first-child panel-last-child\" data-index=\"2\" data-style=\"{&quot;background_image_attachment&quot;:false,&quot;background_display&quot;:&quot;tile&quot;,&quot;background_image_size&quot;:&quot;full&quot;,&quot;background_image_opacity&quot;:&quot;100&quot;,&quot;border_thickness&quot;:&quot;1px&quot;,&quot;margin&quot;:&quot;30px 0px 0px 0px&quot;}\" ><div\n\t\t\t\n\t\t\tclass=\"so-widget-sow-editor so-widget-sow-editor-base\"\n\t\t\t\n\t\t>\n<div class=\"siteorigin-widget-tinymce textwidget\">\n\t<h2><strong>Longi 540 w<\/strong><\/h2>\n<h4>Dane techniczne:<\/h4>\n<p>Wymiary:\u00a0<strong>2256 x 1133 x 35 mm<br \/>\n<\/strong>Moc: 540<strong>\u00a0WP<br \/>\n<\/strong>Temperaturowy wsp\u00f3\u0142czynnik nat\u0119\u017cenia TcI:\u00a0<strong>0,050 %\/\u00b0C<\/strong><br \/>\nTemperaturowy wsp\u00f3\u0142czynnik napi\u0119cia TcV:\u00a0<strong>-0,284 %\/\u00b0C<\/strong><br \/>\nTemperaturowy wsp\u00f3\u0142czynnik mocy TcP:\u00a0<strong>-0,350 %\/\u00b0C<\/strong><\/p>\n<\/div>\n<\/div><\/div><\/div><div id=\"pgc-gb17-6a01be297562c-1-1\"  class=\"panel-grid-cell\"  data-style=\"{&quot;background_image_attachment&quot;:false,&quot;background_display&quot;:&quot;tile&quot;,&quot;vertical_alignment&quot;:&quot;auto&quot;}\"  data-weight=\"0.5\" ><div id=\"panel-gb17-6a01be297562c-1-1-0\" class=\"so-panel widget widget_sow-image panel-first-child panel-last-child\" data-index=\"3\" data-style=\"{&quot;background_image_attachment&quot;:false,&quot;background_display&quot;:&quot;tile&quot;,&quot;background_image_size&quot;:&quot;full&quot;,&quot;background_image_opacity&quot;:&quot;100&quot;,&quot;border_thickness&quot;:&quot;1px&quot;}\" ><div\n\t\t\t\n\t\t\tclass=\"so-widget-sow-image so-widget-sow-image-default-8b5b6f678277-17\"\n\t\t\t\n\t\t>\n\n<div class=\"sow-image-container\">\n\t\t<img decoding=\"async\" src=\"https:\/\/ra-energy.pl\/wp-content\/uploads\/2023\/10\/Longi540-182x300.png\" width=\"182\" height=\"300\" srcset=\"https:\/\/ra-energy.pl\/wp-content\/uploads\/2023\/10\/Longi540-182x300.png 182w, https:\/\/ra-energy.pl\/wp-content\/uploads\/2023\/10\/Longi540.png 310w\" sizes=\"(max-width: 182px) 100vw, 182px\" title=\"Sharp NU-JC\" alt=\"Ra-Energy - fotowoltaika - pompy ciep\u0142a\" \t\tclass=\"so-widget-image\"\/>\n\t<\/div>\n\n<\/div><\/div><\/div><\/div><\/div><div id=\"pg-gb17-6a01be297562c-2\"  class=\"panel-grid panel-no-style\"  data-style=\"{&quot;full_height&quot;:&quot;&quot;,&quot;cell_alignment&quot;:&quot;flex-start&quot;}\" ><div id=\"pgc-gb17-6a01be297562c-2-0\"  class=\"panel-grid-cell\"  data-weight=\"0.5\" ><div id=\"panel-gb17-6a01be297562c-2-0-0\" class=\"so-panel widget widget_sow-image panel-first-child panel-last-child\" data-index=\"4\" data-style=\"{&quot;background_image_attachment&quot;:false,&quot;background_display&quot;:&quot;tile&quot;,&quot;background_image_size&quot;:&quot;full&quot;,&quot;background_image_opacity&quot;:&quot;100&quot;,&quot;border_thickness&quot;:&quot;1px&quot;}\" ><div\n\t\t\t\n\t\t\tclass=\"so-widget-sow-image so-widget-sow-image-default-c67d20f9f743-17\"\n\t\t\t\n\t\t>\n\n<div class=\"sow-image-container\">\n\t\t<img decoding=\"async\" src=\"https:\/\/ra-energy.pl\/wp-content\/uploads\/2023\/10\/hyundai430w-138x300.png\" width=\"138\" height=\"300\" srcset=\"https:\/\/ra-energy.pl\/wp-content\/uploads\/2023\/10\/hyundai430w-138x300.png 138w, https:\/\/ra-energy.pl\/wp-content\/uploads\/2023\/10\/hyundai430w.png 258w\" sizes=\"(max-width: 138px) 100vw, 138px\" title=\"Sharp NU-JC330\" alt=\"Ra-Energy - fotowoltaika - pompy ciep\u0142a\" \t\tclass=\"so-widget-image\"\/>\n\t<\/div>\n\n<\/div><\/div><\/div><div id=\"pgc-gb17-6a01be297562c-2-1\"  class=\"panel-grid-cell\"  data-weight=\"0.5\" ><div id=\"panel-gb17-6a01be297562c-2-1-0\" class=\"so-panel widget widget_sow-editor panel-first-child panel-last-child\" data-index=\"5\" data-style=\"{&quot;background_image_attachment&quot;:false,&quot;background_display&quot;:&quot;tile&quot;,&quot;background_image_size&quot;:&quot;full&quot;,&quot;background_image_opacity&quot;:&quot;100&quot;,&quot;border_thickness&quot;:&quot;1px&quot;,&quot;margin&quot;:&quot;30px 0px 0px 0px&quot;}\" ><div\n\t\t\t\n\t\t\tclass=\"so-widget-sow-editor so-widget-sow-editor-base\"\n\t\t\t\n\t\t>\n<div class=\"siteorigin-widget-tinymce textwidget\">\n\t<h2><strong>Hyundai 430 full black<\/strong><\/h2>\n<h4>Dane techniczne:<\/h4>\n<p>Wymiary:\u00a0<strong>1899 x 1096 x 30 mm<br \/>\n<\/strong>Moc: <strong>430 WP<br \/>\n<\/strong>Temperaturowy wsp\u00f3\u0142czynnik nat\u0119\u017cenia TcI:\u00a0<strong>0,04 %\/\u00b0C<\/strong><br \/>\nTemperaturowy wsp\u00f3\u0142czynnik napi\u0119cia TcV:\u00a0<strong>-0,27 %\/\u00b0C<\/strong><br \/>\nTemperaturowy wsp\u00f3\u0142czynnik mocy TcP:\u00a0<strong>-0,34 %\/\u00b0C<\/strong><\/p>\n<\/div>\n<\/div><\/div><\/div><\/div><div id=\"pg-gb17-6a01be297562c-3\"  class=\"panel-grid panel-has-style\"  data-style=\"{&quot;background&quot;:&quot;#eaeaea&quot;,&quot;full_height&quot;:&quot;&quot;,&quot;row_stretch&quot;:&quot;full&quot;,&quot;cell_alignment&quot;:&quot;flex-start&quot;}\" ><div class=\"siteorigin-panels-stretch panel-row-style panel-row-style-for-gb17-6a01be297562c-3\" data-stretch-type=\"full\" ><div id=\"pgc-gb17-6a01be297562c-3-0\"  class=\"panel-grid-cell\"  data-weight=\"0.5\" ><div id=\"panel-gb17-6a01be297562c-3-0-0\" class=\"so-panel widget widget_sow-editor panel-first-child panel-last-child\" data-index=\"6\" data-style=\"{&quot;background_image_attachment&quot;:false,&quot;background_display&quot;:&quot;tile&quot;,&quot;background_image_size&quot;:&quot;full&quot;,&quot;background_image_opacity&quot;:&quot;100&quot;,&quot;border_thickness&quot;:&quot;1px&quot;,&quot;margin&quot;:&quot;50px 0px 0px 0px&quot;}\" ><div\n\t\t\t\n\t\t\tclass=\"so-widget-sow-editor so-widget-sow-editor-base\"\n\t\t\t\n\t\t>\n<div class=\"siteorigin-widget-tinymce textwidget\">\n\t<h2><strong>Sharp 445 w<\/strong><\/h2>\n<h4>Dane techniczne:<\/h4>\n<p>Wymiary: <strong>2108 x 1048 x 35 mm<br \/>\n<\/strong>Moc: <strong>445\u00a0WP<\/strong><br \/>\nTemperaturowy wsp\u00f3\u0142czynnik nat\u0119\u017cenia TcI:\u00a0<strong>0,057 %\/\u00b0C<\/strong><br \/>\nTemperaturowy wsp\u00f3\u0142czynnik napi\u0119cia TcV:\u00a0<strong>-0,263 %\/\u00b0C<\/strong><br \/>\nTemperaturowy wsp\u00f3\u0142czynnik mocy TcP:\u00a0<strong>-0,347 %\/\u00b0C<\/strong><\/p>\n<\/div>\n<\/div><\/div><\/div><div id=\"pgc-gb17-6a01be297562c-3-1\"  class=\"panel-grid-cell\"  data-weight=\"0.5\" ><div id=\"panel-gb17-6a01be297562c-3-1-0\" class=\"so-panel widget widget_sow-image panel-first-child panel-last-child\" data-index=\"7\" data-style=\"{&quot;background_image_attachment&quot;:false,&quot;background_display&quot;:&quot;tile&quot;,&quot;background_image_size&quot;:&quot;full&quot;,&quot;background_image_opacity&quot;:&quot;100&quot;,&quot;border_thickness&quot;:&quot;1px&quot;}\" ><div\n\t\t\t\n\t\t\tclass=\"so-widget-sow-image so-widget-sow-image-default-8b5b6f678277-17\"\n\t\t\t\n\t\t>\n\n<div class=\"sow-image-container\">\n\t\t<img decoding=\"async\" src=\"https:\/\/ra-energy.pl\/wp-content\/uploads\/2023\/10\/sharp445w-149x300.jpg\" width=\"149\" height=\"300\" srcset=\"https:\/\/ra-energy.pl\/wp-content\/uploads\/2023\/10\/sharp445w-149x300.jpg 149w, https:\/\/ra-energy.pl\/wp-content\/uploads\/2023\/10\/sharp445w-509x1024.jpg 509w, https:\/\/ra-energy.pl\/wp-content\/uploads\/2023\/10\/sharp445w.jpg 600w\" sizes=\"(max-width: 149px) 100vw, 149px\" title=\"Exiom Solution EX300M6-60\" alt=\"Ra-Energy - fotowoltaika - pompy ciep\u0142a\" \t\tclass=\"so-widget-image\"\/>\n\t<\/div>\n\n<\/div><\/div><\/div><\/div><\/div><\/div>","protected":false},"excerpt":{"rendered":"<p>Ra-Energy fotowoltaika oferuje kompleksowe rozwi\u0105zania system\u00f3w solarnych, pocz\u0105wszy od projektu przez wycen\u0119 a\u017c do kompletnej realizacji monta\u017cu instalacji. Inwestycja we w\u0142asn\u0105 produkcj\u0119 pr\u0105du, poprzez instalacj\u0119 fotowoltaiczn\u0105 mo\u017ce zwr\u00f3ci\u0107 si\u0119 ju\u017c po kilku latach. Sp\u00f3jrz w przysz\u0142o\u015b\u0107, postaw na energi\u0119 s\u0142oneczn\u0105 i znacz\u0105co przyczy\u0144 si\u0119 do poprawy kondycji naszej planety. W ofercie posiadamy panele fotowoltaiczne najwy\u017cszej [&hellip;]<\/p>\n","protected":false},"author":1,"featured_media":0,"parent":0,"menu_order":0,"comment_status":"closed","ping_status":"closed","template":"","meta":{"footnotes":""},"yoast_head":"<!-- This site is optimized with the Yoast SEO plugin v22.8 - https:\/\/yoast.com\/wordpress\/plugins\/seo\/ -->\n<title>Ra-Energy - fotowoltaika - pompy ciep\u0142a<\/title>\n<meta name=\"description\" content=\"Kompleksowe rozwi\u0105zania system\u00f3w fotowlotaicznych oraz grzewczych. Projekt, wycena oraz monta\u017c. Ra-Energy - fotowoltaika - pompy ciep\u0142a\" \/>\n<meta name=\"robots\" content=\"index, follow, max-snippet:-1, max-image-preview:large, max-video-preview:-1\" \/>\n<link rel=\"canonical\" href=\"https:\/\/ra-energy.pl\/?page_id=17\" \/>\n<meta property=\"og:locale\" content=\"pl_PL\" \/>\n<meta property=\"og:type\" content=\"article\" \/>\n<meta property=\"og:title\" content=\"Ra-Energy - fotowoltaika - pompy ciep\u0142a\" \/>\n<meta property=\"og:description\" content=\"Kompleksowe rozwi\u0105zania system\u00f3w fotowlotaicznych oraz grzewczych. Projekt, wycena oraz monta\u017c. Ra-Energy - fotowoltaika - pompy ciep\u0142a\" \/>\n<meta property=\"og:url\" content=\"https:\/\/ra-energy.pl\/?page_id=17\" \/>\n<meta property=\"og:site_name\" content=\"Ra Energy\" \/>\n<meta property=\"article:modified_time\" content=\"2023-12-05T15:34:02+00:00\" \/>\n<meta property=\"og:image\" content=\"https:\/\/ra-energy.pl\/wp-content\/uploads\/2019\/08\/4037-960x480.jpg\" \/>\n<meta name=\"twitter:card\" content=\"summary_large_image\" \/>\n<meta name=\"twitter:label1\" content=\"Szacowany czas czytania\" \/>\n\t<meta name=\"twitter:data1\" content=\"2 minuty\" \/>\n<script type=\"application\/ld+json\" class=\"yoast-schema-graph\">{\"@context\":\"https:\/\/schema.org\",\"@graph\":[{\"@type\":\"WebPage\",\"@id\":\"https:\/\/ra-energy.pl\/?page_id=17\",\"url\":\"https:\/\/ra-energy.pl\/?page_id=17\",\"name\":\"Ra-Energy - fotowoltaika - pompy ciep\u0142a\",\"isPartOf\":{\"@id\":\"https:\/\/ra-energy.pl\/#website\"},\"primaryImageOfPage\":{\"@id\":\"https:\/\/ra-energy.pl\/?page_id=17#primaryimage\"},\"image\":{\"@id\":\"https:\/\/ra-energy.pl\/?page_id=17#primaryimage\"},\"thumbnailUrl\":\"https:\/\/ra-energy.pl\/wp-content\/uploads\/2019\/08\/4037-960x480.jpg\",\"datePublished\":\"2019-08-08T11:24:28+00:00\",\"dateModified\":\"2023-12-05T15:34:02+00:00\",\"description\":\"Kompleksowe rozwi\u0105zania system\u00f3w fotowlotaicznych oraz grzewczych. Projekt, wycena oraz monta\u017c. Ra-Energy - fotowoltaika - pompy ciep\u0142a\",\"breadcrumb\":{\"@id\":\"https:\/\/ra-energy.pl\/?page_id=17#breadcrumb\"},\"inLanguage\":\"pl-PL\",\"potentialAction\":[{\"@type\":\"ReadAction\",\"target\":[\"https:\/\/ra-energy.pl\/?page_id=17\"]}]},{\"@type\":\"ImageObject\",\"inLanguage\":\"pl-PL\",\"@id\":\"https:\/\/ra-energy.pl\/?page_id=17#primaryimage\",\"url\":\"https:\/\/ra-energy.pl\/wp-content\/uploads\/2019\/08\/4037.jpg\",\"contentUrl\":\"https:\/\/ra-energy.pl\/wp-content\/uploads\/2019\/08\/4037.jpg\",\"width\":6000,\"height\":4000,\"caption\":\"Man installing alternative energy photovoltaic solar panels on roof\"},{\"@type\":\"BreadcrumbList\",\"@id\":\"https:\/\/ra-energy.pl\/?page_id=17#breadcrumb\",\"itemListElement\":[{\"@type\":\"ListItem\",\"position\":1,\"name\":\"Strona g\u0142\u00f3wna\",\"item\":\"https:\/\/ra-energy.pl\/\"},{\"@type\":\"ListItem\",\"position\":2,\"name\":\"panele\"}]},{\"@type\":\"WebSite\",\"@id\":\"https:\/\/ra-energy.pl\/#website\",\"url\":\"https:\/\/ra-energy.pl\/\",\"name\":\"Ra Energy\",\"description\":\"Ra Energy fotowoltaika folie grzewcze\",\"potentialAction\":[{\"@type\":\"SearchAction\",\"target\":{\"@type\":\"EntryPoint\",\"urlTemplate\":\"https:\/\/ra-energy.pl\/?s={search_term_string}\"},\"query-input\":\"required name=search_term_string\"}],\"inLanguage\":\"pl-PL\"}]}<\/script>\n<!-- \/ Yoast SEO plugin. -->","yoast_head_json":{"title":"Ra-Energy - fotowoltaika - pompy ciep\u0142a","description":"Kompleksowe rozwi\u0105zania system\u00f3w fotowlotaicznych oraz grzewczych. Projekt, wycena oraz monta\u017c. Ra-Energy - fotowoltaika - pompy ciep\u0142a","robots":{"index":"index","follow":"follow","max-snippet":"max-snippet:-1","max-image-preview":"max-image-preview:large","max-video-preview":"max-video-preview:-1"},"canonical":"https:\/\/ra-energy.pl\/?page_id=17","og_locale":"pl_PL","og_type":"article","og_title":"Ra-Energy - fotowoltaika - pompy ciep\u0142a","og_description":"Kompleksowe rozwi\u0105zania system\u00f3w fotowlotaicznych oraz grzewczych. Projekt, wycena oraz monta\u017c. Ra-Energy - fotowoltaika - pompy ciep\u0142a","og_url":"https:\/\/ra-energy.pl\/?page_id=17","og_site_name":"Ra Energy","article_modified_time":"2023-12-05T15:34:02+00:00","og_image":[{"url":"https:\/\/ra-energy.pl\/wp-content\/uploads\/2019\/08\/4037-960x480.jpg"}],"twitter_card":"summary_large_image","twitter_misc":{"Szacowany czas czytania":"2 minuty"},"schema":{"@context":"https:\/\/schema.org","@graph":[{"@type":"WebPage","@id":"https:\/\/ra-energy.pl\/?page_id=17","url":"https:\/\/ra-energy.pl\/?page_id=17","name":"Ra-Energy - fotowoltaika - pompy ciep\u0142a","isPartOf":{"@id":"https:\/\/ra-energy.pl\/#website"},"primaryImageOfPage":{"@id":"https:\/\/ra-energy.pl\/?page_id=17#primaryimage"},"image":{"@id":"https:\/\/ra-energy.pl\/?page_id=17#primaryimage"},"thumbnailUrl":"https:\/\/ra-energy.pl\/wp-content\/uploads\/2019\/08\/4037-960x480.jpg","datePublished":"2019-08-08T11:24:28+00:00","dateModified":"2023-12-05T15:34:02+00:00","description":"Kompleksowe rozwi\u0105zania system\u00f3w fotowlotaicznych oraz grzewczych. Projekt, wycena oraz monta\u017c. Ra-Energy - fotowoltaika - pompy ciep\u0142a","breadcrumb":{"@id":"https:\/\/ra-energy.pl\/?page_id=17#breadcrumb"},"inLanguage":"pl-PL","potentialAction":[{"@type":"ReadAction","target":["https:\/\/ra-energy.pl\/?page_id=17"]}]},{"@type":"ImageObject","inLanguage":"pl-PL","@id":"https:\/\/ra-energy.pl\/?page_id=17#primaryimage","url":"https:\/\/ra-energy.pl\/wp-content\/uploads\/2019\/08\/4037.jpg","contentUrl":"https:\/\/ra-energy.pl\/wp-content\/uploads\/2019\/08\/4037.jpg","width":6000,"height":4000,"caption":"Man installing alternative energy photovoltaic solar panels on roof"},{"@type":"BreadcrumbList","@id":"https:\/\/ra-energy.pl\/?page_id=17#breadcrumb","itemListElement":[{"@type":"ListItem","position":1,"name":"Strona g\u0142\u00f3wna","item":"https:\/\/ra-energy.pl\/"},{"@type":"ListItem","position":2,"name":"panele"}]},{"@type":"WebSite","@id":"https:\/\/ra-energy.pl\/#website","url":"https:\/\/ra-energy.pl\/","name":"Ra Energy","description":"Ra Energy fotowoltaika folie grzewcze","potentialAction":[{"@type":"SearchAction","target":{"@type":"EntryPoint","urlTemplate":"https:\/\/ra-energy.pl\/?s={search_term_string}"},"query-input":"required name=search_term_string"}],"inLanguage":"pl-PL"}]}},"_links":{"self":[{"href":"https:\/\/ra-energy.pl\/index.php?rest_route=\/wp\/v2\/pages\/17"}],"collection":[{"href":"https:\/\/ra-energy.pl\/index.php?rest_route=\/wp\/v2\/pages"}],"about":[{"href":"https:\/\/ra-energy.pl\/index.php?rest_route=\/wp\/v2\/types\/page"}],"author":[{"embeddable":true,"href":"https:\/\/ra-energy.pl\/index.php?rest_route=\/wp\/v2\/users\/1"}],"replies":[{"embeddable":true,"href":"https:\/\/ra-energy.pl\/index.php?rest_route=%2Fwp%2Fv2%2Fcomments&post=17"}],"version-history":[{"count":0,"href":"https:\/\/ra-energy.pl\/index.php?rest_route=\/wp\/v2\/pages\/17\/revisions"}],"wp:attachment":[{"href":"https:\/\/ra-energy.pl\/index.php?rest_route=%2Fwp%2Fv2%2Fmedia&parent=17"}],"curies":[{"name":"wp","href":"https:\/\/api.w.org\/{rel}","templated":true}]}}