{"id":23,"date":"2019-08-08T11:25:59","date_gmt":"2019-08-08T11:25:59","guid":{"rendered":"https:\/\/ra-energy.pl\/?page_id=23"},"modified":"2023-10-31T11:24:22","modified_gmt":"2023-10-31T11:24:22","slug":"kontakt","status":"publish","type":"page","link":"https:\/\/ra-energy.pl\/?page_id=23","title":{"rendered":"kontakt"},"content":{"rendered":"<div id=\"pl-gb23-6a01bed387ff2\"  class=\"panel-layout\" ><div id=\"pg-gb23-6a01bed387ff2-0\"  class=\"panel-grid panel-has-style\"  data-style=\"{&quot;full_height&quot;:&quot;&quot;,&quot;bottom_margin&quot;:&quot;10%&quot;,&quot;row_stretch&quot;:&quot;full&quot;}\" ><div class=\"siteorigin-panels-stretch panel-row-style panel-row-style-for-gb23-6a01bed387ff2-0\" data-stretch-type=\"full\" ><div id=\"pgc-gb23-6a01bed387ff2-0-0\"  class=\"panel-grid-cell\"  data-weight=\"1\" ><div id=\"panel-gb23-6a01bed387ff2-0-0-0\" class=\"so-panel widget widget_sow-headline panel-first-child panel-last-child\" data-index=\"0\" data-style=\"{&quot;background_image_attachment&quot;:false,&quot;background_display&quot;:&quot;tile&quot;}\" ><div\n\t\t\t\n\t\t\tclass=\"so-widget-sow-headline so-widget-sow-headline-default-eb6ca8fed144-23\"\n\t\t\t\n\t\t><div class=\"sow-headline-container \">\n\t\t\t\t\t\t\t<h1 class=\"sow-headline\">\n\t\t\t\t\t\tZAPRASZAMY DO KONTAKTU\t\t\t\t\t\t<\/h1>\n\t\t\t\t\t\t\t\t\t\t\t\t<h2 class=\"sow-sub-headline\">\n\t\t\t\t\t\tCh\u0119tnie odpowiemy na wszystkie pytania\t\t\t\t\t\t<\/h2>\n\t\t\t\t\t\t<\/div>\n<\/div><\/div><\/div><\/div><\/div><div id=\"pg-gb23-6a01bed387ff2-1\"  class=\"panel-grid panel-no-style\"  data-style=\"{&quot;full_height&quot;:&quot;&quot;,&quot;cell_alignment&quot;:&quot;flex-start&quot;}\" ><div id=\"pgc-gb23-6a01bed387ff2-1-0\"  class=\"panel-grid-cell panel-grid-cell-empty\"  data-weight=\"0.25\" ><\/div><div id=\"pgc-gb23-6a01bed387ff2-1-1\"  class=\"panel-grid-cell\"  data-weight=\"0.25\" ><div id=\"panel-gb23-6a01bed387ff2-1-1-0\" class=\"so-panel widget widget_sow-image panel-first-child\" data-index=\"1\" data-style=\"{&quot;background_image_attachment&quot;:false,&quot;background_display&quot;:&quot;tile&quot;,&quot;background_image_size&quot;:&quot;full&quot;,&quot;background_image_opacity&quot;:&quot;100&quot;,&quot;border_thickness&quot;:&quot;1px&quot;}\" ><div\n\t\t\t\n\t\t\tclass=\"so-widget-sow-image so-widget-sow-image-default-113ccd71f3e6-23\"\n\t\t\t\n\t\t>\n\n<div class=\"sow-image-container\">\n\t\t<img decoding=\"async\" src=\"https:\/\/ra-energy.pl\/wp-content\/uploads\/2019\/08\/placeholder.png\" width=\"128\" height=\"128\" sizes=\"(max-width: 128px) 100vw, 128px\" alt=\"Ra-Energy - fotowoltaika - pompy ciep\u0142a\" \t\tclass=\"so-widget-image\"\/>\n\t<\/div>\n\n<\/div><\/div><div id=\"panel-gb23-6a01bed387ff2-1-1-1\" class=\"so-panel widget widget_sow-editor panel-last-child\" data-index=\"2\" data-style=\"{&quot;background_image_attachment&quot;:false,&quot;background_display&quot;:&quot;tile&quot;}\" ><div\n\t\t\t\n\t\t\tclass=\"so-widget-sow-editor so-widget-sow-editor-base\"\n\t\t\t\n\t\t>\n<div class=\"siteorigin-widget-tinymce textwidget\">\n\t<h5 style=\"text-align: center;\"><strong>Ra-Energy sp. z o.o.<\/strong><\/h5>\n<p style=\"text-align: center;\">W\u0142adys\u0142awa Reymonta 4E<\/p>\n<p style=\"text-align: center;\">59-300 Lubin<\/p>\n<\/div>\n<\/div><\/div><\/div><div id=\"pgc-gb23-6a01bed387ff2-1-2\"  class=\"panel-grid-cell panel-grid-cell-mobile-last\"  data-weight=\"0.25\" ><div id=\"panel-gb23-6a01bed387ff2-1-2-0\" class=\"so-panel widget widget_sow-image panel-first-child\" data-index=\"3\" data-style=\"{&quot;background_image_attachment&quot;:false,&quot;background_display&quot;:&quot;tile&quot;,&quot;background_image_size&quot;:&quot;full&quot;,&quot;background_image_opacity&quot;:&quot;100&quot;,&quot;border_thickness&quot;:&quot;1px&quot;}\" ><div\n\t\t\t\n\t\t\tclass=\"so-widget-sow-image so-widget-sow-image-default-113ccd71f3e6-23\"\n\t\t\t\n\t\t>\n\n<div class=\"sow-image-container\">\n\t\t<img decoding=\"async\" src=\"https:\/\/ra-energy.pl\/wp-content\/uploads\/2023\/10\/contact.png\" width=\"128\" height=\"128\" sizes=\"(max-width: 128px) 100vw, 128px\" alt=\"Ra-Energy - fotowoltaika - pompy ciep\u0142a\" \t\tclass=\"so-widget-image\"\/>\n\t<\/div>\n\n<\/div><\/div><div id=\"panel-gb23-6a01bed387ff2-1-2-1\" class=\"so-panel widget widget_sow-editor panel-last-child\" data-index=\"4\" data-style=\"{&quot;background_image_attachment&quot;:false,&quot;background_display&quot;:&quot;tile&quot;}\" ><div\n\t\t\t\n\t\t\tclass=\"so-widget-sow-editor so-widget-sow-editor-base\"\n\t\t\t\n\t\t>\n<div class=\"siteorigin-widget-tinymce textwidget\">\n\t<h5 style=\"text-align: center;\"><strong>Biuro<\/strong><\/h5>\n<p style=\"text-align: center;\">669 273 554<\/p>\n<p style=\"text-align: center;\">biuro@ra-energy.pl<\/p>\n<\/div>\n<\/div><\/div><\/div><div id=\"pgc-gb23-6a01bed387ff2-1-3\"  class=\"panel-grid-cell panel-grid-cell-empty\"  data-weight=\"0.25\" ><\/div><\/div><\/div>","protected":false},"excerpt":{"rendered":"<p>Ra-Energy sp. z o.o. W\u0142adys\u0142awa Reymonta 4E 59-300 Lubin Biuro 669 273 554 biuro@ra-energy.pl<\/p>\n","protected":false},"author":1,"featured_media":0,"parent":0,"menu_order":0,"comment_status":"closed","ping_status":"closed","template":"","meta":{"footnotes":""},"yoast_head":"<!-- This site is optimized with the Yoast SEO plugin v22.8 - https:\/\/yoast.com\/wordpress\/plugins\/seo\/ -->\n<title>Ra-Energy - fotowoltaika - pompy ciep\u0142a<\/title>\n<meta name=\"description\" content=\"Kompleksowe rozwi\u0105zania system\u00f3w fotowlotaicznych oraz grzewczych. Projekt, wycena oraz monta\u017c. Ra-Energy - fotowoltaika - pompy ciep\u0142a\" \/>\n<meta name=\"robots\" content=\"index, follow, max-snippet:-1, max-image-preview:large, max-video-preview:-1\" \/>\n<link rel=\"canonical\" href=\"https:\/\/ra-energy.pl\/?page_id=23\" \/>\n<meta property=\"og:locale\" content=\"pl_PL\" \/>\n<meta property=\"og:type\" content=\"article\" \/>\n<meta property=\"og:title\" content=\"Ra-Energy - fotowoltaika - pompy ciep\u0142a\" \/>\n<meta property=\"og:description\" content=\"Kompleksowe rozwi\u0105zania system\u00f3w fotowlotaicznych oraz grzewczych. Projekt, wycena oraz monta\u017c. Ra-Energy - fotowoltaika - pompy ciep\u0142a\" \/>\n<meta property=\"og:url\" content=\"https:\/\/ra-energy.pl\/?page_id=23\" \/>\n<meta property=\"og:site_name\" content=\"Ra Energy\" \/>\n<meta property=\"article:modified_time\" content=\"2023-10-31T11:24:22+00:00\" \/>\n<meta property=\"og:image\" content=\"https:\/\/ra-energy.pl\/wp-content\/uploads\/2019\/08\/placeholder.png\" \/>\n<meta name=\"twitter:card\" content=\"summary_large_image\" \/>\n<meta name=\"twitter:label1\" content=\"Szacowany czas czytania\" \/>\n\t<meta name=\"twitter:data1\" content=\"1 minuta\" \/>\n<script type=\"application\/ld+json\" class=\"yoast-schema-graph\">{\"@context\":\"https:\/\/schema.org\",\"@graph\":[{\"@type\":\"WebPage\",\"@id\":\"https:\/\/ra-energy.pl\/?page_id=23\",\"url\":\"https:\/\/ra-energy.pl\/?page_id=23\",\"name\":\"Ra-Energy - fotowoltaika - pompy ciep\u0142a\",\"isPartOf\":{\"@id\":\"https:\/\/ra-energy.pl\/#website\"},\"primaryImageOfPage\":{\"@id\":\"https:\/\/ra-energy.pl\/?page_id=23#primaryimage\"},\"image\":{\"@id\":\"https:\/\/ra-energy.pl\/?page_id=23#primaryimage\"},\"thumbnailUrl\":\"https:\/\/ra-energy.pl\/wp-content\/uploads\/2019\/08\/placeholder.png\",\"datePublished\":\"2019-08-08T11:25:59+00:00\",\"dateModified\":\"2023-10-31T11:24:22+00:00\",\"description\":\"Kompleksowe rozwi\u0105zania system\u00f3w fotowlotaicznych oraz grzewczych. Projekt, wycena oraz monta\u017c. Ra-Energy - fotowoltaika - pompy ciep\u0142a\",\"breadcrumb\":{\"@id\":\"https:\/\/ra-energy.pl\/?page_id=23#breadcrumb\"},\"inLanguage\":\"pl-PL\",\"potentialAction\":[{\"@type\":\"ReadAction\",\"target\":[\"https:\/\/ra-energy.pl\/?page_id=23\"]}]},{\"@type\":\"ImageObject\",\"inLanguage\":\"pl-PL\",\"@id\":\"https:\/\/ra-energy.pl\/?page_id=23#primaryimage\",\"url\":\"https:\/\/ra-energy.pl\/wp-content\/uploads\/2019\/08\/placeholder.png\",\"contentUrl\":\"https:\/\/ra-energy.pl\/wp-content\/uploads\/2019\/08\/placeholder.png\",\"width\":128,\"height\":128},{\"@type\":\"BreadcrumbList\",\"@id\":\"https:\/\/ra-energy.pl\/?page_id=23#breadcrumb\",\"itemListElement\":[{\"@type\":\"ListItem\",\"position\":1,\"name\":\"Strona g\u0142\u00f3wna\",\"item\":\"https:\/\/ra-energy.pl\/\"},{\"@type\":\"ListItem\",\"position\":2,\"name\":\"kontakt\"}]},{\"@type\":\"WebSite\",\"@id\":\"https:\/\/ra-energy.pl\/#website\",\"url\":\"https:\/\/ra-energy.pl\/\",\"name\":\"Ra Energy\",\"description\":\"Ra Energy fotowoltaika folie grzewcze\",\"potentialAction\":[{\"@type\":\"SearchAction\",\"target\":{\"@type\":\"EntryPoint\",\"urlTemplate\":\"https:\/\/ra-energy.pl\/?s={search_term_string}\"},\"query-input\":\"required name=search_term_string\"}],\"inLanguage\":\"pl-PL\"}]}<\/script>\n<!-- \/ Yoast SEO plugin. -->","yoast_head_json":{"title":"Ra-Energy - fotowoltaika - pompy ciep\u0142a","description":"Kompleksowe rozwi\u0105zania system\u00f3w fotowlotaicznych oraz grzewczych. Projekt, wycena oraz monta\u017c. Ra-Energy - fotowoltaika - pompy ciep\u0142a","robots":{"index":"index","follow":"follow","max-snippet":"max-snippet:-1","max-image-preview":"max-image-preview:large","max-video-preview":"max-video-preview:-1"},"canonical":"https:\/\/ra-energy.pl\/?page_id=23","og_locale":"pl_PL","og_type":"article","og_title":"Ra-Energy - fotowoltaika - pompy ciep\u0142a","og_description":"Kompleksowe rozwi\u0105zania system\u00f3w fotowlotaicznych oraz grzewczych. Projekt, wycena oraz monta\u017c. Ra-Energy - fotowoltaika - pompy ciep\u0142a","og_url":"https:\/\/ra-energy.pl\/?page_id=23","og_site_name":"Ra Energy","article_modified_time":"2023-10-31T11:24:22+00:00","og_image":[{"url":"https:\/\/ra-energy.pl\/wp-content\/uploads\/2019\/08\/placeholder.png"}],"twitter_card":"summary_large_image","twitter_misc":{"Szacowany czas czytania":"1 minuta"},"schema":{"@context":"https:\/\/schema.org","@graph":[{"@type":"WebPage","@id":"https:\/\/ra-energy.pl\/?page_id=23","url":"https:\/\/ra-energy.pl\/?page_id=23","name":"Ra-Energy - fotowoltaika - pompy ciep\u0142a","isPartOf":{"@id":"https:\/\/ra-energy.pl\/#website"},"primaryImageOfPage":{"@id":"https:\/\/ra-energy.pl\/?page_id=23#primaryimage"},"image":{"@id":"https:\/\/ra-energy.pl\/?page_id=23#primaryimage"},"thumbnailUrl":"https:\/\/ra-energy.pl\/wp-content\/uploads\/2019\/08\/placeholder.png","datePublished":"2019-08-08T11:25:59+00:00","dateModified":"2023-10-31T11:24:22+00:00","description":"Kompleksowe rozwi\u0105zania system\u00f3w fotowlotaicznych oraz grzewczych. Projekt, wycena oraz monta\u017c. Ra-Energy - fotowoltaika - pompy ciep\u0142a","breadcrumb":{"@id":"https:\/\/ra-energy.pl\/?page_id=23#breadcrumb"},"inLanguage":"pl-PL","potentialAction":[{"@type":"ReadAction","target":["https:\/\/ra-energy.pl\/?page_id=23"]}]},{"@type":"ImageObject","inLanguage":"pl-PL","@id":"https:\/\/ra-energy.pl\/?page_id=23#primaryimage","url":"https:\/\/ra-energy.pl\/wp-content\/uploads\/2019\/08\/placeholder.png","contentUrl":"https:\/\/ra-energy.pl\/wp-content\/uploads\/2019\/08\/placeholder.png","width":128,"height":128},{"@type":"BreadcrumbList","@id":"https:\/\/ra-energy.pl\/?page_id=23#breadcrumb","itemListElement":[{"@type":"ListItem","position":1,"name":"Strona g\u0142\u00f3wna","item":"https:\/\/ra-energy.pl\/"},{"@type":"ListItem","position":2,"name":"kontakt"}]},{"@type":"WebSite","@id":"https:\/\/ra-energy.pl\/#website","url":"https:\/\/ra-energy.pl\/","name":"Ra Energy","description":"Ra Energy fotowoltaika folie grzewcze","potentialAction":[{"@type":"SearchAction","target":{"@type":"EntryPoint","urlTemplate":"https:\/\/ra-energy.pl\/?s={search_term_string}"},"query-input":"required name=search_term_string"}],"inLanguage":"pl-PL"}]}},"_links":{"self":[{"href":"https:\/\/ra-energy.pl\/index.php?rest_route=\/wp\/v2\/pages\/23"}],"collection":[{"href":"https:\/\/ra-energy.pl\/index.php?rest_route=\/wp\/v2\/pages"}],"about":[{"href":"https:\/\/ra-energy.pl\/index.php?rest_route=\/wp\/v2\/types\/page"}],"author":[{"embeddable":true,"href":"https:\/\/ra-energy.pl\/index.php?rest_route=\/wp\/v2\/users\/1"}],"replies":[{"embeddable":true,"href":"https:\/\/ra-energy.pl\/index.php?rest_route=%2Fwp%2Fv2%2Fcomments&post=23"}],"version-history":[{"count":0,"href":"https:\/\/ra-energy.pl\/index.php?rest_route=\/wp\/v2\/pages\/23\/revisions"}],"wp:attachment":[{"href":"https:\/\/ra-energy.pl\/index.php?rest_route=%2Fwp%2Fv2%2Fmedia&parent=23"}],"curies":[{"name":"wp","href":"https:\/\/api.w.org\/{rel}","templated":true}]}}