{"id":415,"date":"2023-10-26T18:03:56","date_gmt":"2023-10-26T18:03:56","guid":{"rendered":"https:\/\/ra-energy.pl\/?page_id=415"},"modified":"2023-10-31T11:30:54","modified_gmt":"2023-10-31T11:30:54","slug":"pompy-ciepla","status":"publish","type":"page","link":"https:\/\/ra-energy.pl\/?page_id=415","title":{"rendered":"Pompy ciep\u0142a"},"content":{"rendered":"<div id=\"pl-gb415-6a01bea34b3a0\"  class=\"panel-layout\" ><div id=\"pg-gb415-6a01bea34b3a0-0\"  class=\"panel-grid panel-no-style\"  data-style=\"{&quot;full_height&quot;:&quot;&quot;,&quot;cell_alignment&quot;:&quot;flex-start&quot;}\" ><div id=\"pgc-gb415-6a01bea34b3a0-0-0\"  class=\"panel-grid-cell\"  data-weight=\"0.5\" ><div id=\"panel-gb415-6a01bea34b3a0-0-0-0\" class=\"so-panel widget widget_sow-image panel-first-child panel-last-child\" data-index=\"0\" data-style=\"{&quot;background_image_attachment&quot;:false,&quot;background_display&quot;:&quot;tile&quot;,&quot;background_image_size&quot;:&quot;full&quot;,&quot;background_image_opacity&quot;:&quot;100&quot;,&quot;border_thickness&quot;:&quot;1px&quot;}\" ><div\n\t\t\t\n\t\t\tclass=\"so-widget-sow-image so-widget-sow-image-default-8b5b6f678277-415\"\n\t\t\t\n\t\t>\n\n<div class=\"sow-image-container\">\n\t\t<img decoding=\"async\" src=\"https:\/\/ra-energy.pl\/wp-content\/uploads\/2023\/10\/Zdjecie-od-Jakub6.jpg\" width=\"1600\" height=\"1200\" srcset=\"https:\/\/ra-energy.pl\/wp-content\/uploads\/2023\/10\/Zdjecie-od-Jakub6.jpg 1600w, https:\/\/ra-energy.pl\/wp-content\/uploads\/2023\/10\/Zdjecie-od-Jakub6-300x225.jpg 300w, https:\/\/ra-energy.pl\/wp-content\/uploads\/2023\/10\/Zdjecie-od-Jakub6-1024x768.jpg 1024w, https:\/\/ra-energy.pl\/wp-content\/uploads\/2023\/10\/Zdjecie-od-Jakub6-768x576.jpg 768w, https:\/\/ra-energy.pl\/wp-content\/uploads\/2023\/10\/Zdjecie-od-Jakub6-1536x1152.jpg 1536w\" sizes=\"(max-width: 1600px) 100vw, 1600px\" title=\"Pompa ciep\u0142a\" alt=\"Ra-Energy - fotowoltaika - pompy ciep\u0142a\" \t\tclass=\"so-widget-image\"\/>\n\t<\/div>\n\n<\/div><\/div><\/div><div id=\"pgc-gb415-6a01bea34b3a0-0-1\"  class=\"panel-grid-cell\"  data-weight=\"0.5\" ><div id=\"panel-gb415-6a01bea34b3a0-0-1-0\" class=\"so-panel widget widget_sow-editor panel-first-child panel-last-child\" data-index=\"1\" data-style=\"{&quot;background_image_attachment&quot;:false,&quot;background_display&quot;:&quot;tile&quot;}\" ><div\n\t\t\t\n\t\t\tclass=\"so-widget-sow-editor so-widget-sow-editor-base\"\n\t\t\t\n\t\t>\n<div class=\"siteorigin-widget-tinymce textwidget\">\n\t<p>Oferujemy kompleksowe rozwi\u0105zania z zakresu pomp ciep\u0142a, aby spe\u0142ni\u0107 Twoje potrzeby zar\u00f3wno pod wzgl\u0119dem komfortu, jak i oszcz\u0119dno\u015bci. Nasza firma to partner, na kt\u00f3rym mo\u017cesz polega\u0107.<\/p>\n<div dir=\"auto\"><\/div>\n<div dir=\"auto\">Dlaczego warto z nami wsp\u00f3\u0142pracowa\u0107?<\/div>\n<div dir=\"auto\"><\/div>\n<div dir=\"auto\">&#8211; Ekologia: Nasze pompy ciep\u0142a wykorzystuj\u0105 odnawialne \u017ar\u00f3d\u0142a energii, zmniejszaj\u0105c emisj\u0119 CO2 i dbaj\u0105c o \u015brodowisko.<\/div>\n<div dir=\"auto\"><\/div>\n<div dir=\"auto\">&#8211; Oszcz\u0119dzanie: Dzi\u0119ki naszym rozwi\u0105zaniom obni\u017cysz rachunki za ogrzewanie i ciep\u0142\u0105 wod\u0119, inwestuj\u0105c raz na wiele lat korzy\u015bci.<\/div>\n<div dir=\"auto\"><\/div>\n<div dir=\"auto\">&#8211; Profesjonalizm: Nasz zesp\u00f3\u0142 specjalist\u00f3w zapewnia kompleksow\u0105 obs\u0142ug\u0119, w\u0142\u0105czaj\u0105c monta\u017c i serwis pomp ciep\u0142a.<\/div>\n<div dir=\"auto\"><\/div>\n<div dir=\"auto\">&#8211; Indywidualne podej\u015bcie: Ka\u017cdy projekt traktujemy unikatowo, dopasowuj\u0105c pomp\u0119 ciep\u0142a do Twoich potrzeb.<\/div>\n<div dir=\"auto\"><\/div>\n<div dir=\"auto\">Do\u0142\u0105cz do nas i zainwestuj w przysz\u0142o\u015b\u0107, obni\u017caj\u0105c koszty i dbaj\u0105c o \u015brodowisko. Skontaktuj si\u0119 z nami ju\u017c dzi\u015b, by pozna\u0107 najlepsze rozwi\u0105zanie dla Twojego domu lub firmy!<\/div>\n<\/div>\n<\/div><\/div><\/div><\/div><\/div>","protected":false},"excerpt":{"rendered":"<p>Oferujemy kompleksowe rozwi\u0105zania z zakresu pomp ciep\u0142a, aby spe\u0142ni\u0107 Twoje potrzeby zar\u00f3wno pod wzgl\u0119dem komfortu, jak i oszcz\u0119dno\u015bci. Nasza firma to partner, na kt\u00f3rym mo\u017cesz polega\u0107. Dlaczego warto z nami wsp\u00f3\u0142pracowa\u0107? &#8211; Ekologia: Nasze pompy ciep\u0142a wykorzystuj\u0105 odnawialne \u017ar\u00f3d\u0142a energii, zmniejszaj\u0105c emisj\u0119 CO2 i dbaj\u0105c o \u015brodowisko. &#8211; Oszcz\u0119dzanie: Dzi\u0119ki naszym rozwi\u0105zaniom obni\u017cysz rachunki za [&hellip;]<\/p>\n","protected":false},"author":1,"featured_media":0,"parent":0,"menu_order":0,"comment_status":"closed","ping_status":"closed","template":"","meta":{"footnotes":""},"yoast_head":"<!-- This site is optimized with the Yoast SEO plugin v22.8 - https:\/\/yoast.com\/wordpress\/plugins\/seo\/ -->\n<title>Ra-Energy - fotowoltaika - pompy ciep\u0142a<\/title>\n<meta name=\"description\" content=\"Kompleksowe rozwi\u0105zania system\u00f3w fotowlotaicznych oraz grzewczych. Projekt, wycena oraz monta\u017c. Ra-Energy - fotowoltaika - pompy ciep\u0142a\" \/>\n<meta name=\"robots\" content=\"index, follow, max-snippet:-1, max-image-preview:large, max-video-preview:-1\" \/>\n<link rel=\"canonical\" href=\"https:\/\/ra-energy.pl\/?page_id=415\" \/>\n<meta property=\"og:locale\" content=\"pl_PL\" \/>\n<meta property=\"og:type\" content=\"article\" \/>\n<meta property=\"og:title\" content=\"Ra-Energy - fotowoltaika - pompy ciep\u0142a\" \/>\n<meta property=\"og:description\" content=\"Kompleksowe rozwi\u0105zania system\u00f3w fotowlotaicznych oraz grzewczych. Projekt, wycena oraz monta\u017c. Ra-Energy - fotowoltaika - pompy ciep\u0142a\" \/>\n<meta property=\"og:url\" content=\"https:\/\/ra-energy.pl\/?page_id=415\" \/>\n<meta property=\"og:site_name\" content=\"Ra Energy\" \/>\n<meta property=\"article:modified_time\" content=\"2023-10-31T11:30:54+00:00\" \/>\n<meta property=\"og:image\" content=\"https:\/\/ra-energy.pl\/wp-content\/uploads\/2023\/10\/Zdjecie-od-Jakub6.jpg\" \/>\n<meta name=\"twitter:card\" content=\"summary_large_image\" \/>\n<script type=\"application\/ld+json\" class=\"yoast-schema-graph\">{\"@context\":\"https:\/\/schema.org\",\"@graph\":[{\"@type\":\"WebPage\",\"@id\":\"https:\/\/ra-energy.pl\/?page_id=415\",\"url\":\"https:\/\/ra-energy.pl\/?page_id=415\",\"name\":\"Ra-Energy - fotowoltaika - pompy ciep\u0142a\",\"isPartOf\":{\"@id\":\"https:\/\/ra-energy.pl\/#website\"},\"primaryImageOfPage\":{\"@id\":\"https:\/\/ra-energy.pl\/?page_id=415#primaryimage\"},\"image\":{\"@id\":\"https:\/\/ra-energy.pl\/?page_id=415#primaryimage\"},\"thumbnailUrl\":\"https:\/\/ra-energy.pl\/wp-content\/uploads\/2023\/10\/Zdjecie-od-Jakub6.jpg\",\"datePublished\":\"2023-10-26T18:03:56+00:00\",\"dateModified\":\"2023-10-31T11:30:54+00:00\",\"description\":\"Kompleksowe rozwi\u0105zania system\u00f3w fotowlotaicznych oraz grzewczych. Projekt, wycena oraz monta\u017c. Ra-Energy - fotowoltaika - pompy ciep\u0142a\",\"breadcrumb\":{\"@id\":\"https:\/\/ra-energy.pl\/?page_id=415#breadcrumb\"},\"inLanguage\":\"pl-PL\",\"potentialAction\":[{\"@type\":\"ReadAction\",\"target\":[\"https:\/\/ra-energy.pl\/?page_id=415\"]}]},{\"@type\":\"ImageObject\",\"inLanguage\":\"pl-PL\",\"@id\":\"https:\/\/ra-energy.pl\/?page_id=415#primaryimage\",\"url\":\"https:\/\/ra-energy.pl\/wp-content\/uploads\/2023\/10\/Zdjecie-od-Jakub6.jpg\",\"contentUrl\":\"https:\/\/ra-energy.pl\/wp-content\/uploads\/2023\/10\/Zdjecie-od-Jakub6.jpg\",\"width\":1600,\"height\":1200,\"caption\":\"Pompa Ciep\u0142a Vaillant\"},{\"@type\":\"BreadcrumbList\",\"@id\":\"https:\/\/ra-energy.pl\/?page_id=415#breadcrumb\",\"itemListElement\":[{\"@type\":\"ListItem\",\"position\":1,\"name\":\"Strona g\u0142\u00f3wna\",\"item\":\"https:\/\/ra-energy.pl\/\"},{\"@type\":\"ListItem\",\"position\":2,\"name\":\"Pompy ciep\u0142a\"}]},{\"@type\":\"WebSite\",\"@id\":\"https:\/\/ra-energy.pl\/#website\",\"url\":\"https:\/\/ra-energy.pl\/\",\"name\":\"Ra Energy\",\"description\":\"Ra Energy fotowoltaika folie grzewcze\",\"potentialAction\":[{\"@type\":\"SearchAction\",\"target\":{\"@type\":\"EntryPoint\",\"urlTemplate\":\"https:\/\/ra-energy.pl\/?s={search_term_string}\"},\"query-input\":\"required name=search_term_string\"}],\"inLanguage\":\"pl-PL\"}]}<\/script>\n<!-- \/ Yoast SEO plugin. -->","yoast_head_json":{"title":"Ra-Energy - fotowoltaika - pompy ciep\u0142a","description":"Kompleksowe rozwi\u0105zania system\u00f3w fotowlotaicznych oraz grzewczych. Projekt, wycena oraz monta\u017c. Ra-Energy - fotowoltaika - pompy ciep\u0142a","robots":{"index":"index","follow":"follow","max-snippet":"max-snippet:-1","max-image-preview":"max-image-preview:large","max-video-preview":"max-video-preview:-1"},"canonical":"https:\/\/ra-energy.pl\/?page_id=415","og_locale":"pl_PL","og_type":"article","og_title":"Ra-Energy - fotowoltaika - pompy ciep\u0142a","og_description":"Kompleksowe rozwi\u0105zania system\u00f3w fotowlotaicznych oraz grzewczych. Projekt, wycena oraz monta\u017c. Ra-Energy - fotowoltaika - pompy ciep\u0142a","og_url":"https:\/\/ra-energy.pl\/?page_id=415","og_site_name":"Ra Energy","article_modified_time":"2023-10-31T11:30:54+00:00","og_image":[{"url":"https:\/\/ra-energy.pl\/wp-content\/uploads\/2023\/10\/Zdjecie-od-Jakub6.jpg"}],"twitter_card":"summary_large_image","schema":{"@context":"https:\/\/schema.org","@graph":[{"@type":"WebPage","@id":"https:\/\/ra-energy.pl\/?page_id=415","url":"https:\/\/ra-energy.pl\/?page_id=415","name":"Ra-Energy - fotowoltaika - pompy ciep\u0142a","isPartOf":{"@id":"https:\/\/ra-energy.pl\/#website"},"primaryImageOfPage":{"@id":"https:\/\/ra-energy.pl\/?page_id=415#primaryimage"},"image":{"@id":"https:\/\/ra-energy.pl\/?page_id=415#primaryimage"},"thumbnailUrl":"https:\/\/ra-energy.pl\/wp-content\/uploads\/2023\/10\/Zdjecie-od-Jakub6.jpg","datePublished":"2023-10-26T18:03:56+00:00","dateModified":"2023-10-31T11:30:54+00:00","description":"Kompleksowe rozwi\u0105zania system\u00f3w fotowlotaicznych oraz grzewczych. Projekt, wycena oraz monta\u017c. Ra-Energy - fotowoltaika - pompy ciep\u0142a","breadcrumb":{"@id":"https:\/\/ra-energy.pl\/?page_id=415#breadcrumb"},"inLanguage":"pl-PL","potentialAction":[{"@type":"ReadAction","target":["https:\/\/ra-energy.pl\/?page_id=415"]}]},{"@type":"ImageObject","inLanguage":"pl-PL","@id":"https:\/\/ra-energy.pl\/?page_id=415#primaryimage","url":"https:\/\/ra-energy.pl\/wp-content\/uploads\/2023\/10\/Zdjecie-od-Jakub6.jpg","contentUrl":"https:\/\/ra-energy.pl\/wp-content\/uploads\/2023\/10\/Zdjecie-od-Jakub6.jpg","width":1600,"height":1200,"caption":"Pompa Ciep\u0142a Vaillant"},{"@type":"BreadcrumbList","@id":"https:\/\/ra-energy.pl\/?page_id=415#breadcrumb","itemListElement":[{"@type":"ListItem","position":1,"name":"Strona g\u0142\u00f3wna","item":"https:\/\/ra-energy.pl\/"},{"@type":"ListItem","position":2,"name":"Pompy ciep\u0142a"}]},{"@type":"WebSite","@id":"https:\/\/ra-energy.pl\/#website","url":"https:\/\/ra-energy.pl\/","name":"Ra Energy","description":"Ra Energy fotowoltaika folie grzewcze","potentialAction":[{"@type":"SearchAction","target":{"@type":"EntryPoint","urlTemplate":"https:\/\/ra-energy.pl\/?s={search_term_string}"},"query-input":"required name=search_term_string"}],"inLanguage":"pl-PL"}]}},"_links":{"self":[{"href":"https:\/\/ra-energy.pl\/index.php?rest_route=\/wp\/v2\/pages\/415"}],"collection":[{"href":"https:\/\/ra-energy.pl\/index.php?rest_route=\/wp\/v2\/pages"}],"about":[{"href":"https:\/\/ra-energy.pl\/index.php?rest_route=\/wp\/v2\/types\/page"}],"author":[{"embeddable":true,"href":"https:\/\/ra-energy.pl\/index.php?rest_route=\/wp\/v2\/users\/1"}],"replies":[{"embeddable":true,"href":"https:\/\/ra-energy.pl\/index.php?rest_route=%2Fwp%2Fv2%2Fcomments&post=415"}],"version-history":[{"count":0,"href":"https:\/\/ra-energy.pl\/index.php?rest_route=\/wp\/v2\/pages\/415\/revisions"}],"wp:attachment":[{"href":"https:\/\/ra-energy.pl\/index.php?rest_route=%2Fwp%2Fv2%2Fmedia&parent=415"}],"curies":[{"name":"wp","href":"https:\/\/api.w.org\/{rel}","templated":true}]}}