{"id":664,"date":"2023-12-06T10:53:02","date_gmt":"2023-12-06T10:53:02","guid":{"rendered":"https:\/\/ra-energy.pl\/?page_id=664"},"modified":"2024-05-31T16:19:36","modified_gmt":"2024-05-31T16:19:36","slug":"o-nas","status":"publish","type":"page","link":"https:\/\/ra-energy.pl\/?page_id=664","title":{"rendered":""},"content":{"rendered":"<div id=\"pl-gb664-6a01be57baf8a\"  class=\"panel-layout\" ><div id=\"pg-gb664-6a01be57baf8a-0\"  class=\"panel-grid panel-no-style\"  data-style=\"{&quot;background_image_attachment&quot;:false,&quot;background_display&quot;:&quot;tile&quot;,&quot;background_image_size&quot;:&quot;full&quot;,&quot;background_image_opacity&quot;:&quot;100&quot;,&quot;border_thickness&quot;:&quot;1px&quot;,&quot;full_height&quot;:&quot;&quot;,&quot;cell_alignment&quot;:&quot;flex-start&quot;}\" ><div id=\"pgc-gb664-6a01be57baf8a-0-0\"  class=\"panel-grid-cell\"  data-weight=\"0.5\" ><div id=\"panel-gb664-6a01be57baf8a-0-0-0\" class=\"so-panel widget widget_sow-editor panel-first-child panel-last-child\" data-index=\"0\" data-style=\"{&quot;background_image_attachment&quot;:false,&quot;background_display&quot;:&quot;tile&quot;,&quot;background_image_size&quot;:&quot;full&quot;,&quot;background_image_opacity&quot;:&quot;100&quot;,&quot;border_thickness&quot;:&quot;1px&quot;}\" ><div\n\t\t\t\n\t\t\tclass=\"so-widget-sow-editor so-widget-sow-editor-base\"\n\t\t\t\n\t\t>\n<div class=\"siteorigin-widget-tinymce textwidget\">\n\t<h5><strong>RA-Energy to rodzinna firma, dla kt\u00f3rej wa\u017cny jest drugi cz\u0142owiek. Dok\u0142adamy wszelkich stara\u0144, \u017ceby nasi Klienci byli zadowoleni z podj\u0119tej decyzji. Wierzymy, \u017ce jako\u015b\u0107 mo\u017ce i\u015b\u0107 w parze z atrakcyjn\u0105 cen\u0105.\u00a0<\/strong><\/h5>\n<h5>Dzia\u0142amy na terenie wojew\u00f3dztwa dolno\u015bl\u0105skiego i lubuskiego, a tak\u017ce w Niemczech.<\/h5>\n<h5><\/h5>\n<h5>Specjalizujemy si\u0119 w dostarczaniu najlepszych rozwi\u0105za\u0144 dla Twojego domu i biznesu. Bazuj\u0105c na produktach topowych \u015bwiatowych producent\u00f3w oferujemy dob\u00f3r i monta\u017c:<\/h5>\n<ul>\n<li>\n<h5>paneli fotowoltaicznych,<\/h5>\n<\/li>\n<li>\n<h5>pomp ciep\u0142a,<\/h5>\n<\/li>\n<li>\n<h5>klimatyzator\u00f3w,<\/h5>\n<\/li>\n<li>\n<h5>folii grzewczych.<\/h5>\n<\/li>\n<\/ul>\n<h5><\/h5>\n<h5>Chcesz otrzyma\u0107 bezzwrotne dofinansowanie do inwestycji? Pomo\u017cemy z formalno\u015bciami, by jak najbardziej u\u0142atwi\u0107 ca\u0142y proces.<\/h5>\n<\/div>\n<\/div><\/div><\/div><div id=\"pgc-gb664-6a01be57baf8a-0-1\"  class=\"panel-grid-cell\"  data-weight=\"0.5\" ><div id=\"panel-gb664-6a01be57baf8a-0-1-0\" class=\"so-panel widget widget_sow-image panel-first-child panel-last-child\" data-index=\"1\" data-style=\"{&quot;background_image_attachment&quot;:false,&quot;background_display&quot;:&quot;tile&quot;,&quot;background_image_size&quot;:&quot;full&quot;,&quot;background_image_opacity&quot;:&quot;100&quot;,&quot;border_thickness&quot;:&quot;1px&quot;}\" ><div\n\t\t\t\n\t\t\tclass=\"so-widget-sow-image so-widget-sow-image-default-8b5b6f678277-664\"\n\t\t\t\n\t\t>\n\n<div class=\"sow-image-container\">\n\t\t<img decoding=\"async\" src=\"https:\/\/ra-energy.pl\/wp-content\/uploads\/2024\/05\/Marcin-e1717171498789.png\" width=\"900\" height=\"900\" sizes=\"(max-width: 900px) 100vw, 900px\" title=\"Marcin\" alt=\"\" \t\tclass=\"so-widget-image\"\/>\n\t<\/div>\n\n<\/div><\/div><\/div><\/div><\/div>","protected":false},"excerpt":{"rendered":"<p>RA-Energy to rodzinna firma, dla kt\u00f3rej wa\u017cny jest drugi cz\u0142owiek. Dok\u0142adamy wszelkich stara\u0144, \u017ceby nasi Klienci byli zadowoleni z podj\u0119tej decyzji. Wierzymy, \u017ce jako\u015b\u0107 mo\u017ce i\u015b\u0107 w parze z atrakcyjn\u0105 cen\u0105.\u00a0 Dzia\u0142amy na terenie wojew\u00f3dztwa dolno\u015bl\u0105skiego i lubuskiego, a tak\u017ce w Niemczech. Specjalizujemy si\u0119 w dostarczaniu najlepszych rozwi\u0105za\u0144 dla Twojego domu i biznesu. Bazuj\u0105c na [&hellip;]<\/p>\n","protected":false},"author":1,"featured_media":0,"parent":0,"menu_order":0,"comment_status":"closed","ping_status":"closed","template":"","meta":{"footnotes":""},"yoast_head":"<!-- This site is optimized with the Yoast SEO plugin v22.8 - https:\/\/yoast.com\/wordpress\/plugins\/seo\/ -->\n<title>- Ra Energy<\/title>\n<meta name=\"robots\" content=\"index, follow, max-snippet:-1, max-image-preview:large, max-video-preview:-1\" \/>\n<link rel=\"canonical\" href=\"https:\/\/ra-energy.pl\/?page_id=664\" \/>\n<meta property=\"og:locale\" content=\"pl_PL\" \/>\n<meta property=\"og:type\" content=\"article\" \/>\n<meta property=\"og:title\" content=\"- Ra Energy\" \/>\n<meta property=\"og:description\" content=\"RA-Energy to rodzinna firma, dla kt\u00f3rej wa\u017cny jest drugi cz\u0142owiek. Dok\u0142adamy wszelkich stara\u0144, \u017ceby nasi Klienci byli zadowoleni z podj\u0119tej decyzji. Wierzymy, \u017ce jako\u015b\u0107 mo\u017ce i\u015b\u0107 w parze z atrakcyjn\u0105 cen\u0105.\u00a0 Dzia\u0142amy na terenie wojew\u00f3dztwa dolno\u015bl\u0105skiego i lubuskiego, a tak\u017ce w Niemczech. Specjalizujemy si\u0119 w dostarczaniu najlepszych rozwi\u0105za\u0144 dla Twojego domu i biznesu. Bazuj\u0105c na [&hellip;]\" \/>\n<meta property=\"og:url\" content=\"https:\/\/ra-energy.pl\/?page_id=664\" \/>\n<meta property=\"og:site_name\" content=\"Ra Energy\" \/>\n<meta property=\"article:modified_time\" content=\"2024-05-31T16:19:36+00:00\" \/>\n<meta name=\"twitter:card\" content=\"summary_large_image\" \/>\n<meta name=\"twitter:label1\" content=\"Szacowany czas czytania\" \/>\n\t<meta name=\"twitter:data1\" content=\"1 minuta\" \/>\n<script type=\"application\/ld+json\" class=\"yoast-schema-graph\">{\"@context\":\"https:\/\/schema.org\",\"@graph\":[{\"@type\":\"WebPage\",\"@id\":\"https:\/\/ra-energy.pl\/?page_id=664\",\"url\":\"https:\/\/ra-energy.pl\/?page_id=664\",\"name\":\"- Ra Energy\",\"isPartOf\":{\"@id\":\"https:\/\/ra-energy.pl\/#website\"},\"datePublished\":\"2023-12-06T10:53:02+00:00\",\"dateModified\":\"2024-05-31T16:19:36+00:00\",\"inLanguage\":\"pl-PL\",\"potentialAction\":[{\"@type\":\"ReadAction\",\"target\":[\"https:\/\/ra-energy.pl\/?page_id=664\"]}]},{\"@type\":\"WebSite\",\"@id\":\"https:\/\/ra-energy.pl\/#website\",\"url\":\"https:\/\/ra-energy.pl\/\",\"name\":\"Ra Energy\",\"description\":\"Ra Energy fotowoltaika folie grzewcze\",\"potentialAction\":[{\"@type\":\"SearchAction\",\"target\":{\"@type\":\"EntryPoint\",\"urlTemplate\":\"https:\/\/ra-energy.pl\/?s={search_term_string}\"},\"query-input\":\"required name=search_term_string\"}],\"inLanguage\":\"pl-PL\"}]}<\/script>\n<!-- \/ Yoast SEO plugin. -->","yoast_head_json":{"title":"- Ra Energy","robots":{"index":"index","follow":"follow","max-snippet":"max-snippet:-1","max-image-preview":"max-image-preview:large","max-video-preview":"max-video-preview:-1"},"canonical":"https:\/\/ra-energy.pl\/?page_id=664","og_locale":"pl_PL","og_type":"article","og_title":"- Ra Energy","og_description":"RA-Energy to rodzinna firma, dla kt\u00f3rej wa\u017cny jest drugi cz\u0142owiek. Dok\u0142adamy wszelkich stara\u0144, \u017ceby nasi Klienci byli zadowoleni z podj\u0119tej decyzji. Wierzymy, \u017ce jako\u015b\u0107 mo\u017ce i\u015b\u0107 w parze z atrakcyjn\u0105 cen\u0105.\u00a0 Dzia\u0142amy na terenie wojew\u00f3dztwa dolno\u015bl\u0105skiego i lubuskiego, a tak\u017ce w Niemczech. Specjalizujemy si\u0119 w dostarczaniu najlepszych rozwi\u0105za\u0144 dla Twojego domu i biznesu. Bazuj\u0105c na [&hellip;]","og_url":"https:\/\/ra-energy.pl\/?page_id=664","og_site_name":"Ra Energy","article_modified_time":"2024-05-31T16:19:36+00:00","twitter_card":"summary_large_image","twitter_misc":{"Szacowany czas czytania":"1 minuta"},"schema":{"@context":"https:\/\/schema.org","@graph":[{"@type":"WebPage","@id":"https:\/\/ra-energy.pl\/?page_id=664","url":"https:\/\/ra-energy.pl\/?page_id=664","name":"- Ra Energy","isPartOf":{"@id":"https:\/\/ra-energy.pl\/#website"},"datePublished":"2023-12-06T10:53:02+00:00","dateModified":"2024-05-31T16:19:36+00:00","inLanguage":"pl-PL","potentialAction":[{"@type":"ReadAction","target":["https:\/\/ra-energy.pl\/?page_id=664"]}]},{"@type":"WebSite","@id":"https:\/\/ra-energy.pl\/#website","url":"https:\/\/ra-energy.pl\/","name":"Ra Energy","description":"Ra Energy fotowoltaika folie grzewcze","potentialAction":[{"@type":"SearchAction","target":{"@type":"EntryPoint","urlTemplate":"https:\/\/ra-energy.pl\/?s={search_term_string}"},"query-input":"required name=search_term_string"}],"inLanguage":"pl-PL"}]}},"_links":{"self":[{"href":"https:\/\/ra-energy.pl\/index.php?rest_route=\/wp\/v2\/pages\/664"}],"collection":[{"href":"https:\/\/ra-energy.pl\/index.php?rest_route=\/wp\/v2\/pages"}],"about":[{"href":"https:\/\/ra-energy.pl\/index.php?rest_route=\/wp\/v2\/types\/page"}],"author":[{"embeddable":true,"href":"https:\/\/ra-energy.pl\/index.php?rest_route=\/wp\/v2\/users\/1"}],"replies":[{"embeddable":true,"href":"https:\/\/ra-energy.pl\/index.php?rest_route=%2Fwp%2Fv2%2Fcomments&post=664"}],"version-history":[{"count":0,"href":"https:\/\/ra-energy.pl\/index.php?rest_route=\/wp\/v2\/pages\/664\/revisions"}],"wp:attachment":[{"href":"https:\/\/ra-energy.pl\/index.php?rest_route=%2Fwp%2Fv2%2Fmedia&parent=664"}],"curies":[{"name":"wp","href":"https:\/\/api.w.org\/{rel}","templated":true}]}}